{"id":680,"date":"2018-04-15T16:14:08","date_gmt":"2018-04-15T14:14:08","guid":{"rendered":"http:\/\/www.ndnardi.it\/new\/?page_id=680"},"modified":"2018-04-15T16:18:06","modified_gmt":"2018-04-15T14:18:06","slug":"nardi-s-n-c","status":"publish","type":"page","link":"https:\/\/www.ndnardi.it\/de\/","title":{"rendered":"Nardi S.n.c."},"content":{"rendered":"<p><img loading=\"lazy\" decoding=\"async\" class=\"size-thumbnail wp-image-196 alignleft\" style=\"margin: 6px 10px 10px 0px; box-shadow: 0px 8px 6px -6px #000000;\" title=\"Nardi S.n.c. Officine meccaniche di precisione Udine\" src=\"http:\/\/www.ndnardi.it\/wp-content\/uploads\/2014\/03\/IMG_0576-150x150.jpg\" alt=\"Nardi S.n.c.\" width=\"150\" height=\"150\" srcset=\"https:\/\/www.ndnardi.it\/wp-content\/uploads\/2014\/03\/IMG_0576-150x150.jpg 150w, https:\/\/www.ndnardi.it\/wp-content\/uploads\/2014\/03\/IMG_0576-160x160.jpg 160w\" sizes=\"auto, (max-width: 150px) 100vw, 150px\" \/><\/p>\n<p>Nardi Snc ist auf mechanische Kunststoffpr\u00e4zisionsbearbeitungen spezialisiert. Wir f\u00fchren Dreh-, Fr\u00e4s-, Schwei\u00df- und Gewindedreharbeiten mit speziellen CNC- und mit traditionellen Computer verbundenen Maschinen durch.<\/p>\n<div style=\"clear: both; margin-top: 25px;\"><\/div>\n\n\t\t<!-- MasterSlider -->\n\t\t<div id=\"P_MS6a006763b88a4\" class=\"master-slider-parent msl ms-parent-id-1\" style=\"max-width:1024px;\">\n\n\t\t\t\n\t\t\t<!-- MasterSlider Main -->\n\t\t\t<div id=\"MS6a006763b88a4\" class=\"master-slider ms-skin-light-3\" >\n\t\t\t\t \t\t\t\t \n\t\t\t\t<div  class=\"ms-slide\" data-delay=\"3\" data-fill-mode=\"fill\"  >\n\t\t\t\t\t<img decoding=\"async\" src=\"https:\/\/www.ndnardi.it\/wp-content\/plugins\/master-slider\/public\/assets\/css\/blank.gif\" alt=\"nardi udine officine meccaniche di precisione tornitura fresatura saldatura filettatura 5assi\" title=\"\" data-src=\"https:\/\/www.ndnardi.it\/wp-content\/uploads\/2014\/03\/nardi-udine-officine-meccaniche-di-precisione-tornitura-fresatura-saldatura-filettatura-5assi.jpg\" \/>\n\n\n\t<div class=\"ms-thumb\" ><div class=\"ms-tab-context\"><div class=\"&quot;ms-tab-context&quot;\"><\/div><\/div>\n<\/div>\n\t\t\t\t<\/div>\n\t\t\t\t<div  class=\"ms-slide\" data-delay=\"3\" data-fill-mode=\"fill\"  >\n\t\t\t\t\t<img decoding=\"async\" src=\"https:\/\/www.ndnardi.it\/wp-content\/plugins\/master-slider\/public\/assets\/css\/blank.gif\" alt=\"\" title=\"\" data-src=\"https:\/\/www.ndnardi.it\/wp-content\/uploads\/2014\/03\/067.jpg\" \/>\n\n\n\t<div class=\"ms-thumb\" ><div class=\"ms-tab-context\"><div class=\"&quot;ms-tab-context&quot;\"><\/div><\/div>\n<\/div>\n\t\t\t\t<\/div>\n\t\t\t\t<div  class=\"ms-slide\" data-delay=\"3\" data-fill-mode=\"fill\"  >\n\t\t\t\t\t<img decoding=\"async\" src=\"https:\/\/www.ndnardi.it\/wp-content\/plugins\/master-slider\/public\/assets\/css\/blank.gif\" alt=\"\" title=\"\" data-src=\"https:\/\/www.ndnardi.it\/wp-content\/uploads\/2014\/03\/022_2.jpg\" \/>\n\n\n\t<div class=\"ms-thumb\" ><div class=\"ms-tab-context\"><div class=\"&quot;ms-tab-context&quot;\"><\/div><\/div>\n<\/div>\n\t\t\t\t<\/div>\n\t\t\t\t<div  class=\"ms-slide\" data-delay=\"3\" data-fill-mode=\"fill\"  >\n\t\t\t\t\t<img decoding=\"async\" src=\"https:\/\/www.ndnardi.it\/wp-content\/plugins\/master-slider\/public\/assets\/css\/blank.gif\" alt=\"\" title=\"\" data-src=\"https:\/\/www.ndnardi.it\/wp-content\/uploads\/2014\/03\/056.jpg\" \/>\n\n\n\t<div class=\"ms-thumb\" ><div class=\"ms-tab-context\"><div class=\"&quot;ms-tab-context&quot;\"><\/div><\/div>\n<\/div>\n\t\t\t\t<\/div>\n\t\t\t\t<div  class=\"ms-slide\" data-delay=\"3\" data-fill-mode=\"fill\"  >\n\t\t\t\t\t<img decoding=\"async\" src=\"https:\/\/www.ndnardi.it\/wp-content\/plugins\/master-slider\/public\/assets\/css\/blank.gif\" alt=\"\" title=\"\" data-src=\"https:\/\/www.ndnardi.it\/wp-content\/uploads\/2014\/03\/001.jpg\" \/>\n\n\n\t<div class=\"ms-thumb\" ><div class=\"ms-tab-context\"><div class=\"&quot;ms-tab-context&quot;\"><\/div><\/div>\n<\/div>\n\t\t\t\t<\/div>\n\t\t\t\t<div  class=\"ms-slide\" data-delay=\"3\" data-fill-mode=\"fill\"  >\n\t\t\t\t\t<img decoding=\"async\" src=\"https:\/\/www.ndnardi.it\/wp-content\/plugins\/master-slider\/public\/assets\/css\/blank.gif\" alt=\"\" title=\"\" data-src=\"https:\/\/www.ndnardi.it\/wp-content\/uploads\/2014\/03\/Azienda-2.jpg\" \/>\n\n\n\t<div class=\"ms-thumb\" ><div class=\"ms-tab-context\"><div class=\"&quot;ms-tab-context&quot;\"><\/div><\/div>\n<\/div>\n\t\t\t\t<\/div>\n\n\t\t\t<\/div>\n\t\t\t<!-- END MasterSlider Main -->\n\n\t\t\t \n\t\t<\/div>\n\t\t<!-- END MasterSlider -->\n\n\t\t<script>\n\t\t(function ( $ ) {\n\t\t\t\"use strict\";\n\n\t\t\t$(function () {\n\t\t\t\tvar masterslider_88a4 = new MasterSlider();\n\n\t\t\t\t\/\/ slider controls\n\t\t\t\tmasterslider_88a4.control('bullets'    ,{ autohide:true, overVideo:true, dir:'h', align:'bottom' , margin:10  });\n\n\t\t\t\tmasterslider_88a4.control('circletimer',{ autohide:false, overVideo:true, color:'#434343', radius:10, stroke:3   });\n\t\t\t\tmasterslider_88a4.control('timebar'    ,{ autohide:false, overVideo:true, align:'bottom', color:'#FFFFFF'  , width:4 });\n\t\t\t\t\/\/ slider setup\n\t\t\t\tmasterslider_88a4.setup(\"MS6a006763b88a4\", {\n\t\t\t\t\t\twidth           : 1024,\n\t\t\t\t\t\theight          : 768,\n\t\t\t\t\t\tminHeight       : 0,\n\t\t\t\t\t\tspace           : 0,\n\t\t\t\t\t\tstart           : 1,\n\t\t\t\t\t\tgrabCursor      : true,\n\t\t\t\t\t\tswipe           : true,\n\t\t\t\t\t\tmouse           : true,\n\t\t\t\t\t\tlayout          : \"boxed\",\n\t\t\t\t\t\twheel           : false,\n\t\t\t\t\t\tautoplay        : true,\n\t\t\t\t\t\tinstantStartLayers:false,\n\t\t\t\t\t\tloop            : true,\n\t\t\t\t\t\tshuffle         : false,\n\t\t\t\t\t\tpreload         : 0,\n\t\t\t\t\t\theightLimit     : true,\n\t\t\t\t\t\tautoHeight      : false,\n\t\t\t\t\t\tsmoothHeight    : true,\n\t\t\t\t\t\tendPause        : false,\n\t\t\t\t\t\toverPause       : true,\n\t\t\t\t\t\tfillMode        : \"fill\",\n\t\t\t\t\t\tcenterControls  : true,\n\t\t\t\t\t\tstartOnAppear   : false,\n\t\t\t\t\t\tlayersMode      : \"center\",\n\t\t\t\t\t\thideLayers      : false,\n\t\t\t\t\t\tfullscreenMargin: 0,\n\t\t\t\t\t\tspeed           : 20,\n\t\t\t\t\t\tdir             : \"h\",\n\t\t\t\t\t\tparallaxMode    : 'swipe',\n\t\t\t\t\t\tview            : \"basic\"\n\t\t\t\t});\n\n\t\t\t\t\n\t\t\t\twindow.masterslider_instances = window.masterslider_instances || [];\n\t\t\t\twindow.masterslider_instances.push( masterslider_88a4 );\n\t\t\t });\n\n\t\t})(jQuery);\n\t\t<\/script>\n\n\n","protected":false},"excerpt":{"rendered":"<p>Nardi Snc ist auf mechanische Kunststoffpr\u00e4zisionsbearbeitungen spezialisiert. Wir f\u00fchren Dreh-, Fr\u00e4s-, Schwei\u00df- und Gewindedreharbeiten mit speziellen CNC- und mit traditionellen Computer verbundenen Maschinen durch.<\/p>\n","protected":false},"author":1,"featured_media":0,"parent":0,"menu_order":0,"comment_status":"closed","ping_status":"closed","template":"","meta":{"footnotes":""},"class_list":["post-680","page","type-page","status-publish","hentry"],"yoast_head":"<!-- This site is optimized with the Yoast SEO plugin v26.7 - https:\/\/yoast.com\/wordpress\/plugins\/seo\/ -->\n<title>Nardi S.n.c. - Nardi S.n.c. Lavorazioni Meccaniche di Precisione<\/title>\n<meta name=\"robots\" content=\"index, follow, max-snippet:-1, max-image-preview:large, max-video-preview:-1\" \/>\n<link rel=\"canonical\" href=\"https:\/\/www.ndnardi.it\/de\/\" \/>\n<meta property=\"og:locale\" content=\"de_DE\" \/>\n<meta property=\"og:type\" content=\"article\" \/>\n<meta property=\"og:title\" content=\"Nardi S.n.c. - Nardi S.n.c. Lavorazioni Meccaniche di Precisione\" \/>\n<meta property=\"og:description\" content=\"Nardi Snc ist auf mechanische Kunststoffpr\u00e4zisionsbearbeitungen spezialisiert. Wir f\u00fchren Dreh-, Fr\u00e4s-, Schwei\u00df- und Gewindedreharbeiten mit speziellen CNC- und mit traditionellen Computer verbundenen Maschinen durch.\" \/>\n<meta property=\"og:url\" content=\"https:\/\/www.ndnardi.it\/de\/\" \/>\n<meta property=\"og:site_name\" content=\"Nardi S.n.c. Lavorazioni Meccaniche di Precisione\" \/>\n<meta property=\"article:modified_time\" content=\"2018-04-15T14:18:06+00:00\" \/>\n<meta property=\"og:image\" content=\"https:\/\/www.ndnardi.it\/wp-content\/uploads\/2014\/03\/IMG_0576-1024x768.jpg\" \/>\n\t<meta property=\"og:image:width\" content=\"1024\" \/>\n\t<meta property=\"og:image:height\" content=\"768\" \/>\n\t<meta property=\"og:image:type\" content=\"image\/jpeg\" \/>\n<script type=\"application\/ld+json\" class=\"yoast-schema-graph\">{\"@context\":\"https:\/\/schema.org\",\"@graph\":[{\"@type\":\"WebPage\",\"@id\":\"https:\/\/www.ndnardi.it\/de\/\",\"url\":\"https:\/\/www.ndnardi.it\/de\/\",\"name\":\"Nardi S.n.c. - Nardi S.n.c. Lavorazioni Meccaniche di Precisione\",\"isPartOf\":{\"@id\":\"https:\/\/www.ndnardi.it\/#website\"},\"primaryImageOfPage\":{\"@id\":\"https:\/\/www.ndnardi.it\/de\/#primaryimage\"},\"image\":{\"@id\":\"https:\/\/www.ndnardi.it\/de\/#primaryimage\"},\"thumbnailUrl\":\"http:\/\/www.ndnardi.it\/wp-content\/uploads\/2014\/03\/IMG_0576-150x150.jpg\",\"datePublished\":\"2018-04-15T14:14:08+00:00\",\"dateModified\":\"2018-04-15T14:18:06+00:00\",\"breadcrumb\":{\"@id\":\"https:\/\/www.ndnardi.it\/de\/#breadcrumb\"},\"inLanguage\":\"de\",\"potentialAction\":[{\"@type\":\"ReadAction\",\"target\":[\"https:\/\/www.ndnardi.it\/de\/\"]}]},{\"@type\":\"ImageObject\",\"inLanguage\":\"de\",\"@id\":\"https:\/\/www.ndnardi.it\/de\/#primaryimage\",\"url\":\"http:\/\/www.ndnardi.it\/wp-content\/uploads\/2014\/03\/IMG_0576-150x150.jpg\",\"contentUrl\":\"http:\/\/www.ndnardi.it\/wp-content\/uploads\/2014\/03\/IMG_0576-150x150.jpg\"},{\"@type\":\"BreadcrumbList\",\"@id\":\"https:\/\/www.ndnardi.it\/de\/#breadcrumb\",\"itemListElement\":[{\"@type\":\"ListItem\",\"position\":1,\"name\":\"Home\",\"item\":\"https:\/\/www.ndnardi.it\/de\/\"},{\"@type\":\"ListItem\",\"position\":2,\"name\":\"Nardi S.n.c.\"}]},{\"@type\":\"WebSite\",\"@id\":\"https:\/\/www.ndnardi.it\/#website\",\"url\":\"https:\/\/www.ndnardi.it\/\",\"name\":\"Nardi S.n.c. Lavorazioni Meccaniche di Precisione\",\"description\":\"Centri di tornitura e fresatura multiassi\",\"potentialAction\":[{\"@type\":\"SearchAction\",\"target\":{\"@type\":\"EntryPoint\",\"urlTemplate\":\"https:\/\/www.ndnardi.it\/?s={search_term_string}\"},\"query-input\":{\"@type\":\"PropertyValueSpecification\",\"valueRequired\":true,\"valueName\":\"search_term_string\"}}],\"inLanguage\":\"de\"}]}<\/script>\n<!-- \/ Yoast SEO plugin. -->","yoast_head_json":{"title":"Nardi S.n.c. - Nardi S.n.c. Lavorazioni Meccaniche di Precisione","robots":{"index":"index","follow":"follow","max-snippet":"max-snippet:-1","max-image-preview":"max-image-preview:large","max-video-preview":"max-video-preview:-1"},"canonical":"https:\/\/www.ndnardi.it\/de\/","og_locale":"de_DE","og_type":"article","og_title":"Nardi S.n.c. - Nardi S.n.c. Lavorazioni Meccaniche di Precisione","og_description":"Nardi Snc ist auf mechanische Kunststoffpr\u00e4zisionsbearbeitungen spezialisiert. Wir f\u00fchren Dreh-, Fr\u00e4s-, Schwei\u00df- und Gewindedreharbeiten mit speziellen CNC- und mit traditionellen Computer verbundenen Maschinen durch.","og_url":"https:\/\/www.ndnardi.it\/de\/","og_site_name":"Nardi S.n.c. Lavorazioni Meccaniche di Precisione","article_modified_time":"2018-04-15T14:18:06+00:00","og_image":[{"width":1024,"height":768,"url":"https:\/\/www.ndnardi.it\/wp-content\/uploads\/2014\/03\/IMG_0576-1024x768.jpg","type":"image\/jpeg"}],"schema":{"@context":"https:\/\/schema.org","@graph":[{"@type":"WebPage","@id":"https:\/\/www.ndnardi.it\/de\/","url":"https:\/\/www.ndnardi.it\/de\/","name":"Nardi S.n.c. - Nardi S.n.c. Lavorazioni Meccaniche di Precisione","isPartOf":{"@id":"https:\/\/www.ndnardi.it\/#website"},"primaryImageOfPage":{"@id":"https:\/\/www.ndnardi.it\/de\/#primaryimage"},"image":{"@id":"https:\/\/www.ndnardi.it\/de\/#primaryimage"},"thumbnailUrl":"http:\/\/www.ndnardi.it\/wp-content\/uploads\/2014\/03\/IMG_0576-150x150.jpg","datePublished":"2018-04-15T14:14:08+00:00","dateModified":"2018-04-15T14:18:06+00:00","breadcrumb":{"@id":"https:\/\/www.ndnardi.it\/de\/#breadcrumb"},"inLanguage":"de","potentialAction":[{"@type":"ReadAction","target":["https:\/\/www.ndnardi.it\/de\/"]}]},{"@type":"ImageObject","inLanguage":"de","@id":"https:\/\/www.ndnardi.it\/de\/#primaryimage","url":"http:\/\/www.ndnardi.it\/wp-content\/uploads\/2014\/03\/IMG_0576-150x150.jpg","contentUrl":"http:\/\/www.ndnardi.it\/wp-content\/uploads\/2014\/03\/IMG_0576-150x150.jpg"},{"@type":"BreadcrumbList","@id":"https:\/\/www.ndnardi.it\/de\/#breadcrumb","itemListElement":[{"@type":"ListItem","position":1,"name":"Home","item":"https:\/\/www.ndnardi.it\/de\/"},{"@type":"ListItem","position":2,"name":"Nardi S.n.c."}]},{"@type":"WebSite","@id":"https:\/\/www.ndnardi.it\/#website","url":"https:\/\/www.ndnardi.it\/","name":"Nardi S.n.c. Lavorazioni Meccaniche di Precisione","description":"Centri di tornitura e fresatura multiassi","potentialAction":[{"@type":"SearchAction","target":{"@type":"EntryPoint","urlTemplate":"https:\/\/www.ndnardi.it\/?s={search_term_string}"},"query-input":{"@type":"PropertyValueSpecification","valueRequired":true,"valueName":"search_term_string"}}],"inLanguage":"de"}]}},"_links":{"self":[{"href":"https:\/\/www.ndnardi.it\/de\/wp-json\/wp\/v2\/pages\/680","targetHints":{"allow":["GET"]}}],"collection":[{"href":"https:\/\/www.ndnardi.it\/de\/wp-json\/wp\/v2\/pages"}],"about":[{"href":"https:\/\/www.ndnardi.it\/de\/wp-json\/wp\/v2\/types\/page"}],"author":[{"embeddable":true,"href":"https:\/\/www.ndnardi.it\/de\/wp-json\/wp\/v2\/users\/1"}],"replies":[{"embeddable":true,"href":"https:\/\/www.ndnardi.it\/de\/wp-json\/wp\/v2\/comments?post=680"}],"version-history":[{"count":3,"href":"https:\/\/www.ndnardi.it\/de\/wp-json\/wp\/v2\/pages\/680\/revisions"}],"predecessor-version":[{"id":687,"href":"https:\/\/www.ndnardi.it\/de\/wp-json\/wp\/v2\/pages\/680\/revisions\/687"}],"wp:attachment":[{"href":"https:\/\/www.ndnardi.it\/de\/wp-json\/wp\/v2\/media?parent=680"}],"curies":[{"name":"wp","href":"https:\/\/api.w.org\/{rel}","templated":true}]}}